{"id":686,"date":"2025-10-01T21:39:22","date_gmt":"2025-10-01T18:39:22","guid":{"rendered":"https:\/\/kindyroo.net\/tanitim\/?page_id=686"},"modified":"2025-11-24T00:10:34","modified_gmt":"2025-11-23T21:10:34","slug":"adana","status":"publish","type":"page","link":"https:\/\/kindyroo.net\/tanitim\/adana\/","title":{"rendered":"100.y\u0131l"},"content":{"rendered":"<div class=\"wpb-content-wrapper\"><p>[vc_row][vc_column css=&#8221;.vc_custom_1759336371530{background-color: #A577B7 !important;border-color: #AE54CB !important;}&#8221;]<div id=\"cz_16454\" data-position=\"top-right\" class=\"cz_16454 cz_image clr cz_image_no_fx center_on_mobile\"><div class=\"\" ><div class=\"cz_image_in\"><div class=\"cz_main_image\"><img loading=\"lazy\" decoding=\"async\" width=\"300\" height=\"133\" src=\"https:\/\/kindyroo.net\/tanitim\/wp-content\/uploads\/2025\/09\/header-logo.png\" class=\"attachment-full\" alt=\"\" title=\"Kindyroo\" \/><\/div><\/div><\/div><\/div>[\/vc_column][\/vc_row][vc_row full_width=&#8221;stretch_row_content_no_spaces&#8221; full_height=&#8221;yes&#8221; equal_height=&#8221;yes&#8221; css=&#8221;.vc_custom_1758643838996{margin-top: 20px !important;}&#8221;][vc_column width=&#8221;5\/12&#8243; el_class=&#8221;backli&#8221;]<div id=\"cz_21487\" class=\"cz_21487 cz_title clr cz_title_pos_inline tac\"><div class=\"cz_title_content\"><div class=\"cz_wpe_content\"><h4 class=\"h2 mb-0\" style=\"text-align: center; color: white;\"><strong>KindyROO Adana<br \/>\nHo\u015f Geldiniz<\/strong><\/h4>\n<\/div><\/div><\/div><div class=\"cz_eqh cz_content_box_parent_fx  \"><div id=\"cz_48080\" class=\"cz_48080 cz_content_box clr\"><div class=\"cz_box_front clr\"><div class=\"cz_box_front_inner clr \"><span><\/span><div><div id=\"cz_105956\" class=\"cz_105956 cz_title clr cz_title_pos_inline tac\"><div class=\"cz_title_content\"><div class=\"cz_wpe_content\"><h6 style=\"text-align: center;\" data-pm-slice=\"0 0 &#091;&#093;\">Erken geli\u015fim d\u00f6neminde ebeveyn ile \u00e7ocu\u011fun birlikte kat\u0131ld\u0131\u011f\u0131, hareket temmeli uluslararas\u0131 bir spor\u00a0program\u0131d\u0131r.<\/h6>\n<\/div><\/div><\/div><div class=\"cz_gap clr \" style=\"height: 5px\"><\/div><div id=\"cz_108098\" data-position=\"top-right\" class=\"cz_108098 cz_image clr cz_image_no_fx center_on_mobile\"><div class=\"\" ><div class=\"cz_image_in\"><div class=\"cz_main_image\"><img loading=\"lazy\" decoding=\"async\" width=\"3534\" height=\"2416\" src=\"https:\/\/kindyroo.net\/tanitim\/wp-content\/uploads\/2025\/04\/atasehir.jpg\" class=\"attachment-full\" alt=\"\" title=\"ata\u015fehir\" \/><\/div><\/div><\/div><\/div><div class=\"cz_gap clr \" style=\"height: 5px\"><\/div><div class=\"\"><div class=\"cz_29881_p\"><a id=\"cz_29881\" class=\"cz_29881 cz_btn cz_btn_txt_no_fx cz_btn_no_fx cz_mobile_btn_center\" href=\"https:\/\/www.instagram.com\/kindyroo_adana\" target=\"_blank\"><span><i class=\"fab fa-instagram\"><\/i><strong>Instagram Sayfam\u0131z\u0131 Zirayet Edin<\/strong><\/span><b class=\"cz_btn_onhover\"><i class=\"fab fa-instagram\"><\/i><strong>Instagram Sayfam\u0131z\u0131 Zirayet Edin<\/strong><\/b><\/a><\/div><\/div><div class=\"\"><div class=\"cz_20432_p\"><a id=\"cz_20432\" class=\"cz_20432 cz_btn cz_btn_txt_no_fx cz_btn_no_fx cz_mobile_btn_center\" href=\"https:\/\/wa.me\/905419355121?text=Kindyroo+Hakk\u0131nda+Daha+Fazla+Bilgi+Alabilirmiyim\" target=\"_blank\"><span><i class=\"fa czico-013-whatsapp-logo\"><\/i><strong>WhatsApp'tan Mesaj G\u00f6nderin<\/strong><\/span><b class=\"cz_btn_onhover\"><i class=\"fa czico-013-whatsapp-logo\"><\/i><strong>WhatsApp'tan Mesaj G\u00f6nderin<\/strong><\/b><\/a><\/div><\/div><div class=\"\"><div class=\"cz_96179_p\"><a id=\"cz_96179\" class=\"cz_96179 cz_btn cz_btn_txt_no_fx cz_btn_no_fx cz_mobile_btn_center\" href=\"tel:05419355121\" target=\"_blank\"><span><i class=\"fas fa-phone\"><\/i><strong>Telefondan Bizi Aray\u0131n<\/strong><\/span><b class=\"cz_btn_onhover\"><i class=\"fas fa-phone\"><\/i><strong>Telefondan Bizi Aray\u0131n<\/strong><\/b><\/a><\/div><\/div><\/div><\/div><\/div><\/div><\/div><div class=\"cz_eqh cz_content_box_parent_fx  \"><div id=\"cz_36080\" class=\"cz_36080 cz_content_box clr\"><div class=\"cz_box_front clr\"><div class=\"cz_box_front_inner clr \"><span><\/span><div><div class=\"cz_gap clr \" style=\"height: 5px\"><\/div><\/div><\/div><\/div><\/div><\/div>[\/vc_column][vc_column width=&#8221;7\/12&#8243; el_class=&#8221;mobilgizle&#8221; offset=&#8221;vc_hidden-sm vc_hidden-xs&#8221;]\n\t\t\t\t<p class=\"rs-p-wp-fix\"><\/p>\n\t\t\t\t<sr7-module data-alias=\"slider-1\" data-id=\"1\" id=\"SR7_1_1\" class=\"rs-ov-hidden\" data-version=\"6.7.37\">\n\t\t\t\t\t<sr7-adjuster><\/sr7-adjuster>\n\t\t\t\t\t<sr7-content>\n\t\t\t\t\t\t<sr7-slide id=\"SR7_1_1-1\" data-key=\"1\">\n\t\t\t\t\t\t<\/sr7-slide>\n\t\t\t\t\t\t<sr7-slide id=\"SR7_1_1-2\" data-key=\"2\">\n\t\t\t\t\t\t<\/sr7-slide>\n\t\t\t\t\t<\/sr7-content>\n\t\t\t\t<\/sr7-module>\n\t\t\t\t<script>\n\t\t\t\t\tSR7.PMH ??={}; SR7.PMH[\"SR7_1_1\"] = {cn:100,state:false,fn: function() { if (_tpt!==undefined && _tpt.prepareModuleHeight !== undefined) {  _tpt.prepareModuleHeight({id:\"SR7_1_1\",el:[1000,1000,768,768,768],type:'standard',shdw:'0',gh:[1000,1000,768,768,768],gw:[1200,1200,1024,1024,1024],vpt:['-100px&#039;,&#039;-100px&#039;,&#039;-100px&#039;,&#039;-100px&#039;,&#039;-100px'],size:{fullWidth:false, fullHeight:false},mh:'0',onh:0,onw:0,bg:{color:'{\"orig\":\"transparent\",\"type\":\"solid\",\"string\":\"transparent\"}'}});   SR7.PMH[\"SR7_1_1\"].state=true;} else if(SR7.PMH[\"SR7_1_1\"].cn-->0)\tsetTimeout( SR7.PMH[\"SR7_1_1\"].fn,19);}};SR7.PMH[\"SR7_1_1\" ].fn();\n\t\t\t\t<\/script>\n[\/vc_column][\/vc_row]<\/p>\n<\/div>","protected":false},"excerpt":{"rendered":"<p>[vc_row][vc_column css=&#8221;.vc_custom_1759336371530{background-color: #A577B7 !important;border-color: #AE54CB !important;}&#8221;][\/vc_column][\/vc_row][vc_row full_width=&#8221;stretch_row_content_no_spaces&#8221; full_height=&#8221;yes&#8221; equal_height=&#8221;yes&#8221; css=&#8221;.vc_custom_1758643838996{margin-top: 20px &#8230; <\/p>\n","protected":false},"author":2,"featured_media":0,"parent":0,"menu_order":0,"comment_status":"closed","ping_status":"closed","template":"","meta":{"footnotes":""},"class_list":["post-686","page","type-page","status-publish","hentry"],"_links":{"self":[{"href":"https:\/\/kindyroo.net\/tanitim\/wp-json\/wp\/v2\/pages\/686","targetHints":{"allow":["GET"]}}],"collection":[{"href":"https:\/\/kindyroo.net\/tanitim\/wp-json\/wp\/v2\/pages"}],"about":[{"href":"https:\/\/kindyroo.net\/tanitim\/wp-json\/wp\/v2\/types\/page"}],"author":[{"embeddable":true,"href":"https:\/\/kindyroo.net\/tanitim\/wp-json\/wp\/v2\/users\/2"}],"replies":[{"embeddable":true,"href":"https:\/\/kindyroo.net\/tanitim\/wp-json\/wp\/v2\/comments?post=686"}],"version-history":[{"count":5,"href":"https:\/\/kindyroo.net\/tanitim\/wp-json\/wp\/v2\/pages\/686\/revisions"}],"predecessor-version":[{"id":925,"href":"https:\/\/kindyroo.net\/tanitim\/wp-json\/wp\/v2\/pages\/686\/revisions\/925"}],"wp:attachment":[{"href":"https:\/\/kindyroo.net\/tanitim\/wp-json\/wp\/v2\/media?parent=686"}],"curies":[{"name":"wp","href":"https:\/\/api.w.org\/{rel}","templated":true}]}}